{"id":779,"date":"2025-08-20T15:52:36","date_gmt":"2025-08-20T13:52:36","guid":{"rendered":"https:\/\/mxuk.eus\/mxuk-istorioak\/"},"modified":"2026-02-18T14:25:16","modified_gmt":"2026-02-18T13:25:16","slug":"mxuk-istorioak","status":"publish","type":"page","link":"https:\/\/mxuk.eus\/eu\/mxuk-istorioak\/","title":{"rendered":"Mxuk Istorioak"},"content":{"rendered":"\t\t<div data-elementor-type=\"wp-page\" data-elementor-id=\"779\" class=\"elementor elementor-779 elementor-764\" data-elementor-post-type=\"page\">\n\t\t\t\t<div class=\"elementor-element elementor-element-2d6b565 e-flex e-con-boxed e-con e-parent\" data-id=\"2d6b565\" data-element_type=\"container\" data-e-type=\"container\" data-settings=\"{&quot;background_background&quot;:&quot;classic&quot;}\">\n\t\t\t\t\t<div class=\"e-con-inner\">\n\t\t\t\t<div class=\"elementor-element elementor-element-7a7a3ab elementor-widget elementor-widget-ucaddon_dual_color_heading\" data-id=\"7a7a3ab\" data-element_type=\"widget\" data-e-type=\"widget\" data-widget_type=\"ucaddon_dual_color_heading.default\">\n\t\t\t\t<div class=\"elementor-widget-container\">\n\t\t\t\t\t\n<!-- start Dual Color Heading -->\n\n<div class=\"ue-dual-color-heading\">\n  <h1>\n    <span class=\"ue-title-one\">MXUK  <\/span> <span class=\"ue-title-two\">ISTORIOAK<\/span>\n  <\/h1>\n<\/div>\n<!-- end Dual Color Heading -->\t\t\t\t<\/div>\n\t\t\t\t<\/div>\n\t\t\t\t<div class=\"elementor-element elementor-element-7e39300 elementor-widget elementor-widget-ucaddon_post_grid\" data-id=\"7e39300\" data-element_type=\"widget\" data-e-type=\"widget\" data-widget_type=\"ucaddon_post_grid.default\">\n\t\t\t\t<div class=\"elementor-widget-container\">\n\t\t\t\t\t\n<!-- start Post Grid -->\n\t\t<link id='font-awesome-css' href='https:\/\/mxuk.eus\/wp-content\/plugins\/unlimited-elements-for-elementor-premium\/assets_libraries\/font-awesome6\/fontawesome-all.min.css' type='text\/css' rel='stylesheet' >\n\t\t<link id='font-awesome-4-shim-css' href='https:\/\/mxuk.eus\/wp-content\/plugins\/unlimited-elements-for-elementor-premium\/assets_libraries\/font-awesome6\/fontawesome-v4-shims.min.css' type='text\/css' rel='stylesheet' >\n\n<style>\/* widget: Post Grid *\/\n\n\n\n#uc_post_grid_elementor_7e39300{\n  min-height: 1px;\n}\n\n#uc_post_grid_elementor_7e39300.uc_post_grid_style_one .uc_post_grid_style_one_wrap {\n   display:grid;\n}\n\n\n#uc_post_grid_elementor_7e39300 .uc_post_grid_style_one_item{\n  position:relative;\n}\n\n#uc_post_grid_elementor_7e39300 .uc_post_image{\n  transition:0.3s;\n  position:relative;\n  overflow:hidden;\n}\n\n#uc_post_grid_elementor_7e39300 .uc_post_image img{\n  width:100%;\n  display:block;\n  transition:0.3s;\n}\n\n\t\n\n#uc_post_grid_elementor_7e39300 .uc_post_image_overlay{\n  position:absolute;\n  top:0px;\n  left:0px;\n  height:100%;\n  width:100%;\n  transition:0.3s;\n}\n\n#uc_post_grid_elementor_7e39300 .uc_more_btn-custom-field{\n  display:inline-block;\n  text-align:center;\n  text-decoration:none;\n  transition:0.3s;\n}\n\n#uc_post_grid_elementor_7e39300 .uc_more_btn{\n  display:inline-block;\n  text-align:center;\n  text-decoration:none;\n  transition:0.3s;\n}\n\n.ue-grid-item-category a{\n  display:inline-block;\n  font-size:10px;\n  position: relative;\n  z-index: 1;\n}\n\n#uc_post_grid_elementor_7e39300 .ue-grid-item-posttype{\n  display:inline-block;\n  position: relative;\n  z-index: 1;\n}\n\n\n.uc_post_title{\n  font-size:21px;\n}\n\n\n#uc_post_grid_elementor_7e39300.uc_post_grid_style_one.ue-list-view .uc_content{\n flex-grow:1;\n}\n\n\n  #uc_post_grid_elementor_7e39300:not(.ue-list-view) .ue_post_grid_item{\n    display:flex;\n    flex-direction:column;\n  }\n  \n  #uc_post_grid_elementor_7e39300.uc_post_grid_style_one:not(.ue-list-view) .uc_content{\n   flex-grow:1;\n  }\n\n  #uc_post_grid_elementor_7e39300.uc_post_grid_style_one .uc_content > div{\n    height:100%;\n    display:flex;\n    flex-direction:column;\n    justify-content: space-between;  }\n\n    #uc_post_grid_elementor_7e39300 .uc_post_button   {\n     margin-top:auto;\n   }\n  \n\n\n\n\n\n\n\n\n\n\n\n\n\/*  for grid\/list layout switcher*\/\n\t#uc_post_grid_elementor_7e39300.ue-list-view .uc_post_grid_style_one_item {\n     display:flex;  \n     flex-direction:row;\n    }\n    #uc_post_grid_elementor_7e39300.ue-list-view .uc_post_grid_style_one_item > div{\n     width:50%;\n    }\n   \n    #uc_post_grid_elementor_7e39300.ue-list-view .uc_content    {\n      display:flex;\n      flex-direction:column;\n      justify-content:center;\n    }\n \n\/*  for grid\/list layout switcher*\/\n\n#uc_post_grid_elementor_7e39300 .ue-meta-data{  \n  display:flex !important;\n  flex-wrap: wrap;\n  line-height:1em;\n}\n\n#uc_post_grid_elementor_7e39300 .ue-grid-item-meta-data{\n  display:inline-flex;\n  align-items:center;\n}\n\n#uc_post_grid_elementor_7e39300 .ue-grid-item-meta-data a{\n  color:inherit;\n}\n\n.ue-grid-item-meta-data{\n  font-size:12px;\n}\n\n#uc_post_grid_elementor_7e39300 .ue-grid-item-meta-data-icon{\n  line-height:1em;\n}\n\n#uc_post_grid_elementor_7e39300 .ue-grid-item-meta-data-icon svg{\n  width:1em;\n  height:1em;\n}\n\n#uc_post_grid_elementor_7e39300 .ue-debug-meta{\n  padding:10px;\n  border:1px solid red;\n  position:relative;\n  line-height:1.5em;\n  font-size:11px;\n  width:100%;\n}\n\n#uc_post_grid_elementor_7e39300 .uc_btn_inner{\n  display:inline-flex;\n  align-items:center;\n  pointer-events:none;\n}\n\n#uc_post_grid_elementor_7e39300 .uc_btn_inner svg{\n  width:1em;\n  height:1em;\n}\n#uc_post_grid_elementor_7e39300 .ue_p_title{\n  pointer-events:none;\n}\n\n\n#uc_post_grid_elementor_7e39300 .uc_content_inner{\n  width: 100%;\n}\n\n\n#uc_post_grid_elementor_7e39300 .view-switcher-button{\n  display: flex;\n  align-items: center;\n}\n\n#uc_post_grid_elementor_7e39300 .view-switcher-icon{\n  display: flex;\n  align-items: center;\n  line-height: 1;\n  cursor: pointer;\n  transition: all .3s ease;\n}\n\n#uc_post_grid_elementor_7e39300 .view-switcher-icon svg{\n  height:1em;\n  width:1em;\n}\n\n#uc_post_grid_elementor_7e39300 .view-switcher-icon.ue-hidden{\n  display: none;\n}\n\n\n#uc_post_grid_elementor_7e39300_item1 [href=\"javascript:void(0)\"]{\n  cursor: unset;\n}\n\n\n<\/style>\n\n<div class=\"uc_post_grid_style_one \" id=\"uc_post_grid_elementor_7e39300\"  >\n  \t\n  <div class=\"uc_post_grid_style_one_wrap ue_post_grid uc-items-wrapper ue-woo-grid\">\n\t\t\t\n\n\n\n\n<div id=\"uc_post_grid_elementor_7e39300_item1\" class=\"uc_post_grid_style_one_item ue_post_grid_item ue-item \">\n  \n      <a class=\"uc_post_grid_style_one_image \" href='https:\/\/mxuk.eus\/eu\/nondik-gatozen-gure-marka-historia\/' target=\"_self\">\n     <div class=\"uc_post_image\">\n       <img loading=\"lazy\" decoding=\"async\" src=\"https:\/\/mxuk.eus\/wp-content\/uploads\/2025\/08\/mxuk_baja-resolucion-58.webp\"  src=\"https:\/\/mxuk.eus\/wp-content\/uploads\/2025\/08\/mxuk_baja-resolucion-58.webp\" alt=\"mxuk_baja resoluci\u00f3n-58\" width=\"1200\" height=\"800\">\n       <div class=\"uc_post_image_overlay\"><\/div>\n     <\/div>\n    <\/a>\n   \n  <div class=\"uc_content\">\n    <div class=\"uc_content_inner\">\n      <div class=\"uc_content-info-wrapper\" >\n                \n                            \n        <div class=\"uc_post_title\"><a class=\"\" href='https:\/\/mxuk.eus\/eu\/nondik-gatozen-gure-marka-historia\/' target=\"_self\"><div class=\"ue_p_title\">Nondik gatozen \/ Gure marka-historia<\/div><\/a><\/div>\t\n                 \n          <div class=\"ue-meta-data\">\n            \n                \t    \n                \n        \n\t\n                \n                \n                \n                \n    \t\t\t\n      \n            \n  <\/div>\t\n        \t<div class=\"uc_post_text\">Gure hastapenak,pasioa eta ikaskuntza\nMxuk-en atzean ni nago, Esti Aginagalde. Patronista eta sortzailea, hari, oihal eta patroien artean hazi nintzen...<\/div>\n     \n                   \n                         \n                                              \n      <\/div>                      \n            <div class=\"uc_post_button\">\n        \n        <a class=\"uc_more_btn \" target=\"_blank\" href='https:\/\/mxuk.eus\/eu\/nondik-gatozen-gure-marka-historia\/'>\n          <div class=\"uc_btn_inner\">\n            <div class=\"uc_btn_txt\">Gehiago irakurri...<\/div>\n                      <\/div>\n      \t<\/a>\n        \n                \n      <\/div>                           \n \t<\/div>  <\/div>      \n        \n<\/div>\n\n\t\t<\/div>\n\t<\/div>\n\n\n\n  <div id=\"uc_post_grid_elementor_7e39300_empty_message\" class=\"ue-no-posts-found\"  style=\"display:none\" >Ez dago argitalpenik<\/div>\n\n\n<!-- end Post Grid -->\t\t\t\t<\/div>\n\t\t\t\t<\/div>\n\t\t\t\t\t<\/div>\n\t\t\t\t<\/div>\n\t\t\t\t<\/div>\n\t\t","protected":false},"excerpt":{"rendered":"<p>MXUK ISTORIOAK De d\u00f3nde venimos \/ Nuestra historia de marca Nuestros comienzos, pasi\u00f3n y aprendizaje Detr\u00e1s de Mxuk estoy yo, Esti Aginagalde. Patronista y creadora, me cri\u00e9 entre hilos, telas y patrones en el taller&#8230; Gehiago irakurri&#8230; Ez dago argitalpenik<\/p>\n","protected":false},"author":1,"featured_media":0,"parent":0,"menu_order":0,"comment_status":"closed","ping_status":"closed","template":"","meta":{"_acf_changed":false,"footnotes":""},"class_list":["post-779","page","type-page","status-publish","hentry"],"acf":[],"yoast_head":"<!-- This site is optimized with the Yoast SEO plugin v27.5 - https:\/\/yoast.com\/product\/yoast-seo-wordpress\/ -->\n<title>MXUK Istorioen Bloga | Pasioa, euskarriko sustraiak eta gehiago<\/title>\n<meta name=\"description\" content=\"MXUK Stories-en, gure hastapenak, grina eta ikaskuntza partekatzen ditugu. Ura uxatzen duen poltsa bakoitzaren atzean: sustrai nazionalak, poliki egindakoak. Sartu eta irakurri.\" \/>\n<meta name=\"robots\" content=\"index, follow, max-snippet:-1, max-image-preview:large, max-video-preview:-1\" \/>\n<link rel=\"canonical\" href=\"https:\/\/mxuk.eus\/eu\/mxuk-istorioak\/\" \/>\n<meta property=\"og:locale\" content=\"eu_ES\" \/>\n<meta property=\"og:type\" content=\"article\" \/>\n<meta property=\"og:title\" content=\"MXUK Istorioen Bloga | Pasioa, euskarriko sustraiak eta gehiago\" \/>\n<meta property=\"og:description\" content=\"MXUK Stories-en, gure hastapenak, grina eta ikaskuntza partekatzen ditugu. Ura uxatzen duen poltsa bakoitzaren atzean: sustrai nazionalak, poliki egindakoak. Sartu eta irakurri.\" \/>\n<meta property=\"og:url\" content=\"https:\/\/mxuk.eus\/eu\/mxuk-istorioak\/\" \/>\n<meta property=\"og:site_name\" content=\"Mxuk\" \/>\n<meta property=\"article:publisher\" content=\"https:\/\/www.facebook.com\/mxuk.eus\/\" \/>\n<meta property=\"article:modified_time\" content=\"2026-02-18T13:25:16+00:00\" \/>\n<meta property=\"og:image\" content=\"https:\/\/mxuk.eus\/wp-content\/uploads\/2025\/08\/mxuk_baja-resolucion-58.webp\" \/>\n<meta name=\"twitter:card\" content=\"summary_large_image\" \/>\n<script type=\"application\/ld+json\" class=\"yoast-schema-graph\">{\"@context\":\"https:\\\/\\\/schema.org\",\"@graph\":[{\"@type\":\"WebPage\",\"@id\":\"https:\\\/\\\/mxuk.eus\\\/eu\\\/mxuk-istorioak\\\/\",\"url\":\"https:\\\/\\\/mxuk.eus\\\/eu\\\/mxuk-istorioak\\\/\",\"name\":\"MXUK Istorioen Bloga | Pasioa, euskarriko sustraiak eta gehiago\",\"isPartOf\":{\"@id\":\"https:\\\/\\\/mxuk.eus\\\/#website\"},\"primaryImageOfPage\":{\"@id\":\"https:\\\/\\\/mxuk.eus\\\/eu\\\/mxuk-istorioak\\\/#primaryimage\"},\"image\":{\"@id\":\"https:\\\/\\\/mxuk.eus\\\/eu\\\/mxuk-istorioak\\\/#primaryimage\"},\"thumbnailUrl\":\"https:\\\/\\\/mxuk.eus\\\/wp-content\\\/uploads\\\/2025\\\/08\\\/mxuk_baja-resolucion-58.webp\",\"datePublished\":\"2025-08-20T13:52:36+00:00\",\"dateModified\":\"2026-02-18T13:25:16+00:00\",\"description\":\"MXUK Stories-en, gure hastapenak, grina eta ikaskuntza partekatzen ditugu. Ura uxatzen duen poltsa bakoitzaren atzean: sustrai nazionalak, poliki egindakoak. Sartu eta irakurri.\",\"breadcrumb\":{\"@id\":\"https:\\\/\\\/mxuk.eus\\\/eu\\\/mxuk-istorioak\\\/#breadcrumb\"},\"inLanguage\":\"eu-ES\",\"potentialAction\":[{\"@type\":\"ReadAction\",\"target\":[\"https:\\\/\\\/mxuk.eus\\\/eu\\\/mxuk-istorioak\\\/\"]}]},{\"@type\":\"ImageObject\",\"inLanguage\":\"eu-ES\",\"@id\":\"https:\\\/\\\/mxuk.eus\\\/eu\\\/mxuk-istorioak\\\/#primaryimage\",\"url\":\"https:\\\/\\\/mxuk.eus\\\/wp-content\\\/uploads\\\/2025\\\/08\\\/mxuk_baja-resolucion-58.webp\",\"contentUrl\":\"https:\\\/\\\/mxuk.eus\\\/wp-content\\\/uploads\\\/2025\\\/08\\\/mxuk_baja-resolucion-58.webp\"},{\"@type\":\"BreadcrumbList\",\"@id\":\"https:\\\/\\\/mxuk.eus\\\/eu\\\/mxuk-istorioak\\\/#breadcrumb\",\"itemListElement\":[{\"@type\":\"ListItem\",\"position\":1,\"name\":\"Portada\",\"item\":\"https:\\\/\\\/mxuk.eus\\\/eu\\\/hasiera\\\/\"},{\"@type\":\"ListItem\",\"position\":2,\"name\":\"Mxuk Istorioak\"}]},{\"@type\":\"WebSite\",\"@id\":\"https:\\\/\\\/mxuk.eus\\\/#website\",\"url\":\"https:\\\/\\\/mxuk.eus\\\/\",\"name\":\"Mxuk\",\"description\":\"Basque Slow Brand\",\"publisher\":{\"@id\":\"https:\\\/\\\/mxuk.eus\\\/#organization\"},\"potentialAction\":[{\"@type\":\"SearchAction\",\"target\":{\"@type\":\"EntryPoint\",\"urlTemplate\":\"https:\\\/\\\/mxuk.eus\\\/?s={search_term_string}\"},\"query-input\":{\"@type\":\"PropertyValueSpecification\",\"valueRequired\":true,\"valueName\":\"search_term_string\"}}],\"inLanguage\":\"eu-ES\"},{\"@type\":\"Organization\",\"@id\":\"https:\\\/\\\/mxuk.eus\\\/#organization\",\"name\":\"Mxuk basque\",\"url\":\"https:\\\/\\\/mxuk.eus\\\/\",\"logo\":{\"@type\":\"ImageObject\",\"inLanguage\":\"eu-ES\",\"@id\":\"https:\\\/\\\/mxuk.eus\\\/#\\\/schema\\\/logo\\\/image\\\/\",\"url\":\"https:\\\/\\\/mxuk.eus\\\/wp-content\\\/uploads\\\/2025\\\/08\\\/Mxuk-Basque-Logo.svg\",\"contentUrl\":\"https:\\\/\\\/mxuk.eus\\\/wp-content\\\/uploads\\\/2025\\\/08\\\/Mxuk-Basque-Logo.svg\",\"width\":1344,\"height\":627,\"caption\":\"Mxuk basque\"},\"image\":{\"@id\":\"https:\\\/\\\/mxuk.eus\\\/#\\\/schema\\\/logo\\\/image\\\/\"},\"sameAs\":[\"https:\\\/\\\/www.facebook.com\\\/mxuk.eus\\\/\",\"https:\\\/\\\/www.instagram.com\\\/mxuk.eus\\\/\"]}]}<\/script>\n<!-- \/ Yoast SEO plugin. -->","yoast_head_json":{"title":"MXUK Istorioen Bloga | Pasioa, euskarriko sustraiak eta gehiago","description":"MXUK Stories-en, gure hastapenak, grina eta ikaskuntza partekatzen ditugu. Ura uxatzen duen poltsa bakoitzaren atzean: sustrai nazionalak, poliki egindakoak. Sartu eta irakurri.","robots":{"index":"index","follow":"follow","max-snippet":"max-snippet:-1","max-image-preview":"max-image-preview:large","max-video-preview":"max-video-preview:-1"},"canonical":"https:\/\/mxuk.eus\/eu\/mxuk-istorioak\/","og_locale":"eu_ES","og_type":"article","og_title":"MXUK Istorioen Bloga | Pasioa, euskarriko sustraiak eta gehiago","og_description":"MXUK Stories-en, gure hastapenak, grina eta ikaskuntza partekatzen ditugu. Ura uxatzen duen poltsa bakoitzaren atzean: sustrai nazionalak, poliki egindakoak. Sartu eta irakurri.","og_url":"https:\/\/mxuk.eus\/eu\/mxuk-istorioak\/","og_site_name":"Mxuk","article_publisher":"https:\/\/www.facebook.com\/mxuk.eus\/","article_modified_time":"2026-02-18T13:25:16+00:00","og_image":[{"url":"https:\/\/mxuk.eus\/wp-content\/uploads\/2025\/08\/mxuk_baja-resolucion-58.webp","type":"","width":"","height":""}],"twitter_card":"summary_large_image","schema":{"@context":"https:\/\/schema.org","@graph":[{"@type":"WebPage","@id":"https:\/\/mxuk.eus\/eu\/mxuk-istorioak\/","url":"https:\/\/mxuk.eus\/eu\/mxuk-istorioak\/","name":"MXUK Istorioen Bloga | Pasioa, euskarriko sustraiak eta gehiago","isPartOf":{"@id":"https:\/\/mxuk.eus\/#website"},"primaryImageOfPage":{"@id":"https:\/\/mxuk.eus\/eu\/mxuk-istorioak\/#primaryimage"},"image":{"@id":"https:\/\/mxuk.eus\/eu\/mxuk-istorioak\/#primaryimage"},"thumbnailUrl":"https:\/\/mxuk.eus\/wp-content\/uploads\/2025\/08\/mxuk_baja-resolucion-58.webp","datePublished":"2025-08-20T13:52:36+00:00","dateModified":"2026-02-18T13:25:16+00:00","description":"MXUK Stories-en, gure hastapenak, grina eta ikaskuntza partekatzen ditugu. Ura uxatzen duen poltsa bakoitzaren atzean: sustrai nazionalak, poliki egindakoak. Sartu eta irakurri.","breadcrumb":{"@id":"https:\/\/mxuk.eus\/eu\/mxuk-istorioak\/#breadcrumb"},"inLanguage":"eu-ES","potentialAction":[{"@type":"ReadAction","target":["https:\/\/mxuk.eus\/eu\/mxuk-istorioak\/"]}]},{"@type":"ImageObject","inLanguage":"eu-ES","@id":"https:\/\/mxuk.eus\/eu\/mxuk-istorioak\/#primaryimage","url":"https:\/\/mxuk.eus\/wp-content\/uploads\/2025\/08\/mxuk_baja-resolucion-58.webp","contentUrl":"https:\/\/mxuk.eus\/wp-content\/uploads\/2025\/08\/mxuk_baja-resolucion-58.webp"},{"@type":"BreadcrumbList","@id":"https:\/\/mxuk.eus\/eu\/mxuk-istorioak\/#breadcrumb","itemListElement":[{"@type":"ListItem","position":1,"name":"Portada","item":"https:\/\/mxuk.eus\/eu\/hasiera\/"},{"@type":"ListItem","position":2,"name":"Mxuk Istorioak"}]},{"@type":"WebSite","@id":"https:\/\/mxuk.eus\/#website","url":"https:\/\/mxuk.eus\/","name":"Mxuk","description":"Basque Slow Brand","publisher":{"@id":"https:\/\/mxuk.eus\/#organization"},"potentialAction":[{"@type":"SearchAction","target":{"@type":"EntryPoint","urlTemplate":"https:\/\/mxuk.eus\/?s={search_term_string}"},"query-input":{"@type":"PropertyValueSpecification","valueRequired":true,"valueName":"search_term_string"}}],"inLanguage":"eu-ES"},{"@type":"Organization","@id":"https:\/\/mxuk.eus\/#organization","name":"Mxuk basque","url":"https:\/\/mxuk.eus\/","logo":{"@type":"ImageObject","inLanguage":"eu-ES","@id":"https:\/\/mxuk.eus\/#\/schema\/logo\/image\/","url":"https:\/\/mxuk.eus\/wp-content\/uploads\/2025\/08\/Mxuk-Basque-Logo.svg","contentUrl":"https:\/\/mxuk.eus\/wp-content\/uploads\/2025\/08\/Mxuk-Basque-Logo.svg","width":1344,"height":627,"caption":"Mxuk basque"},"image":{"@id":"https:\/\/mxuk.eus\/#\/schema\/logo\/image\/"},"sameAs":["https:\/\/www.facebook.com\/mxuk.eus\/","https:\/\/www.instagram.com\/mxuk.eus\/"]}]}},"_links":{"self":[{"href":"https:\/\/mxuk.eus\/eu\/wp-json\/wp\/v2\/pages\/779","targetHints":{"allow":["GET"]}}],"collection":[{"href":"https:\/\/mxuk.eus\/eu\/wp-json\/wp\/v2\/pages"}],"about":[{"href":"https:\/\/mxuk.eus\/eu\/wp-json\/wp\/v2\/types\/page"}],"author":[{"embeddable":true,"href":"https:\/\/mxuk.eus\/eu\/wp-json\/wp\/v2\/users\/1"}],"replies":[{"embeddable":true,"href":"https:\/\/mxuk.eus\/eu\/wp-json\/wp\/v2\/comments?post=779"}],"version-history":[{"count":2,"href":"https:\/\/mxuk.eus\/eu\/wp-json\/wp\/v2\/pages\/779\/revisions"}],"predecessor-version":[{"id":1821,"href":"https:\/\/mxuk.eus\/eu\/wp-json\/wp\/v2\/pages\/779\/revisions\/1821"}],"wp:attachment":[{"href":"https:\/\/mxuk.eus\/eu\/wp-json\/wp\/v2\/media?parent=779"}],"curies":[{"name":"wp","href":"https:\/\/api.w.org\/{rel}","templated":true}]}}